{"id":112,"date":"2025-08-15T19:02:44","date_gmt":"2025-08-15T19:02:44","guid":{"rendered":"https:\/\/camarasycompus.com\/index.php\/home\/"},"modified":"2025-09-18T16:11:22","modified_gmt":"2025-09-18T16:11:22","slug":"home","status":"publish","type":"page","link":"https:\/\/camarasycompus.com\/","title":{"rendered":"Home"},"content":{"rendered":"\t\t<div data-elementor-type=\"wp-page\" data-elementor-id=\"112\" class=\"elementor elementor-112\">\n\t\t\t\t<div class=\"elementor-element elementor-element-6b21c9b7 e-con-full e-flex e-con e-parent\" data-id=\"6b21c9b7\" data-element_type=\"container\">\n\t\t<div class=\"elementor-element elementor-element-2d2fd175 e-con-full e-flex e-con e-child\" data-id=\"2d2fd175\" data-element_type=\"container\" data-settings=\"{&quot;background_background&quot;:&quot;classic&quot;}\">\n\t\t\t\t<\/div>\n\t\t<div class=\"elementor-element elementor-element-176f11e5 e-con-full e-flex e-con e-child\" data-id=\"176f11e5\" data-element_type=\"container\">\n\t\t\t\t<div class=\"elementor-element elementor-element-67101fea elementor-widget elementor-widget-heading\" data-id=\"67101fea\" data-element_type=\"widget\" data-widget_type=\"heading.default\">\n\t\t\t\t\t<h2 class=\"elementor-heading-title elementor-size-default\">Somos una empresa de Tecnolog\u00edas de la Informaci\u00f3n<\/h2>\t\t\t\t<\/div>\n\t\t\t\t<div class=\"elementor-element elementor-element-50369761 elementor-widget elementor-widget-text-editor\" data-id=\"50369761\" data-element_type=\"widget\" data-widget_type=\"text-editor.default\">\n\t\t\t\t\t\t\t\t\t<p>Buscamos darte soluciones a tus necesitades de T.I. conforme a tu presupuesto y las opciones del mercado que manejamos<\/p>\t\t\t\t\t\t\t\t<\/div>\n\t\t\t\t<div class=\"elementor-element elementor-element-438c5064 elementor-invisible elementor-widget elementor-widget-button\" data-id=\"438c5064\" data-element_type=\"widget\" data-settings=\"{&quot;_animation&quot;:&quot;fadeInDown&quot;}\" data-widget_type=\"button.default\">\n\t\t\t\t\t\t\t\t\t\t<a class=\"elementor-button elementor-size-sm\" role=\"button\">\n\t\t\t\t\t\t<span class=\"elementor-button-content-wrapper\">\n\t\t\t\t\t\t\t\t\t<span class=\"elementor-button-text\">Con\u00f3cenos !<\/span>\n\t\t\t\t\t<\/span>\n\t\t\t\t\t<\/a>\n\t\t\t\t\t\t\t\t<\/div>\n\t\t\t\t<\/div>\n\t\t\t\t<\/div>\n\t\t<div class=\"elementor-element elementor-element-3f6dca0d e-con-full e-flex e-con e-parent\" data-id=\"3f6dca0d\" data-element_type=\"container\">\n\t\t\t\t<div class=\"elementor-element elementor-element-413de1f4 elementor-widget elementor-widget-heading\" data-id=\"413de1f4\" data-element_type=\"widget\" data-widget_type=\"heading.default\">\n\t\t\t\t\t<span class=\"elementor-heading-title elementor-size-default\">Otros productos<\/span>\t\t\t\t<\/div>\n\t\t<div class=\"elementor-element elementor-element-23871354 e-con-full e-flex e-con e-child\" data-id=\"23871354\" data-element_type=\"container\">\n\t\t<div class=\"elementor-element elementor-element-9e32f14 e-con-full e-flex e-con e-child\" data-id=\"9e32f14\" data-element_type=\"container\">\n\t\t\t\t<div class=\"elementor-element elementor-element-7001cc7d elementor-widget elementor-widget-text-editor\" data-id=\"7001cc7d\" data-element_type=\"widget\" data-widget_type=\"text-editor.default\">\n\t\t\t\t\t\t\t\t\t<p>Cont\u00e1ctanos !<\/p>\t\t\t\t\t\t\t\t<\/div>\n\t\t\t\t<div class=\"elementor-element elementor-element-187a893e elementor-invisible elementor-widget elementor-widget-button\" data-id=\"187a893e\" data-element_type=\"widget\" data-settings=\"{&quot;_animation&quot;:&quot;fadeInDown&quot;}\" data-widget_type=\"button.default\">\n\t\t\t\t\t\t\t\t\t\t<a class=\"elementor-button elementor-button-link elementor-size-sm elementor-animation-sink\" href=\"https:\/\/camarasycompus.com\/post.php?post=180&#038;action=elementor\" id=\"https:\/\/library.elementor.com\/ceramic-workshops-flexbox\/workshops\/#Workshop_Learn_The_Basics\">\n\t\t\t\t\t\t<span class=\"elementor-button-content-wrapper\">\n\t\t\t\t\t\t\t\t\t<span class=\"elementor-button-text\">81 1840 3600<\/span>\n\t\t\t\t\t<\/span>\n\t\t\t\t\t<\/a>\n\t\t\t\t\t\t\t\t<\/div>\n\t\t\t\t<\/div>\n\t\t<div class=\"elementor-element elementor-element-2791502d e-con-full e-flex e-con e-child\" data-id=\"2791502d\" data-element_type=\"container\">\n\t\t<div class=\"elementor-element elementor-element-23112ef e-con-full e-flex e-con e-child\" data-id=\"23112ef\" data-element_type=\"container\">\n\t\t\t\t<div class=\"elementor-element elementor-element-1580e38c elementor-position-top elementor-widget elementor-widget-image-box\" data-id=\"1580e38c\" data-element_type=\"widget\" data-widget_type=\"image-box.default\">\n\t\t\t\t\t<div class=\"elementor-image-box-wrapper\"><figure class=\"elementor-image-box-img\"><img decoding=\"async\" width=\"209\" height=\"216\" src=\"https:\/\/camarasycompus.com\/wp-content\/uploads\/2025\/08\/Imagen_Deco_casa.png\" class=\"elementor-animation-sink attachment-full size-full wp-image-160\" alt=\"\" \/><\/figure><div class=\"elementor-image-box-content\"><h3 class=\"elementor-image-box-title\">Conectividad<\/h3><p class=\"elementor-image-box-description\">* Cableado estructurado<br>* Fibra \u00f3ptica<br>* WiFi<br>* Access Point<br>* Swiches<br>* Routers<\/p><\/div><\/div>\t\t\t\t<\/div>\n\t\t\t\t<div class=\"elementor-element elementor-element-499cca19 elementor-widget elementor-widget-button\" data-id=\"499cca19\" data-element_type=\"widget\" data-widget_type=\"button.default\">\n\t\t\t\t\t\t\t\t\t\t<a class=\"elementor-button elementor-size-sm\" role=\"button\">\n\t\t\t\t\t\t<span class=\"elementor-button-content-wrapper\">\n\t\t\t\t\t\t\t\t\t<span class=\"elementor-button-text\">.<\/span>\n\t\t\t\t\t<\/span>\n\t\t\t\t\t<\/a>\n\t\t\t\t\t\t\t\t<\/div>\n\t\t\t\t<\/div>\n\t\t<div class=\"elementor-element elementor-element-4189b9f8 e-con-full e-flex e-con e-child\" data-id=\"4189b9f8\" data-element_type=\"container\">\n\t\t\t\t<div class=\"elementor-element elementor-element-29a91468 elementor-position-top elementor-widget elementor-widget-image-box\" data-id=\"29a91468\" data-element_type=\"widget\" data-widget_type=\"image-box.default\">\n\t\t\t\t\t<div class=\"elementor-image-box-wrapper\"><figure class=\"elementor-image-box-img\"><img fetchpriority=\"high\" decoding=\"async\" width=\"400\" height=\"400\" src=\"https:\/\/camarasycompus.com\/wp-content\/uploads\/2025\/08\/Control_acceso_Hik.png\" class=\"elementor-animation-sink attachment-full size-full wp-image-161\" alt=\"\" srcset=\"https:\/\/camarasycompus.com\/wp-content\/uploads\/2025\/08\/Control_acceso_Hik.png 400w, https:\/\/camarasycompus.com\/wp-content\/uploads\/2025\/08\/Control_acceso_Hik-300x300.png 300w, https:\/\/camarasycompus.com\/wp-content\/uploads\/2025\/08\/Control_acceso_Hik-150x150.png 150w\" sizes=\"(max-width: 400px) 100vw, 400px\" \/><\/figure><div class=\"elementor-image-box-content\"><h3 class=\"elementor-image-box-title\">Control de acceso<\/h3><p class=\"elementor-image-box-description\">* Control de acceso y asistencia (tarjeta, clave, huella o rostro)<br>* Video porteros<\/p><\/div><\/div>\t\t\t\t<\/div>\n\t\t\t\t<div class=\"elementor-element elementor-element-4a22cdce elementor-widget elementor-widget-button\" data-id=\"4a22cdce\" data-element_type=\"widget\" data-widget_type=\"button.default\">\n\t\t\t\t\t\t\t\t\t\t<a class=\"elementor-button elementor-size-sm\" role=\"button\">\n\t\t\t\t\t\t<span class=\"elementor-button-content-wrapper\">\n\t\t\t\t\t\t\t\t\t<span class=\"elementor-button-text\">.<\/span>\n\t\t\t\t\t<\/span>\n\t\t\t\t\t<\/a>\n\t\t\t\t\t\t\t\t<\/div>\n\t\t\t\t<\/div>\n\t\t<div class=\"elementor-element elementor-element-51b9e450 e-con-full e-flex e-con e-child\" data-id=\"51b9e450\" data-element_type=\"container\">\n\t\t\t\t<div class=\"elementor-element elementor-element-6961adeb elementor-position-top elementor-widget elementor-widget-image-box\" data-id=\"6961adeb\" data-element_type=\"widget\" data-widget_type=\"image-box.default\">\n\t\t\t\t\t<div class=\"elementor-image-box-wrapper\"><figure class=\"elementor-image-box-img\"><img decoding=\"async\" width=\"700\" height=\"700\" src=\"https:\/\/camarasycompus.com\/wp-content\/uploads\/2025\/08\/Servidor_Red.png\" class=\"elementor-animation-sink attachment-full size-full wp-image-162\" alt=\"\" srcset=\"https:\/\/camarasycompus.com\/wp-content\/uploads\/2025\/08\/Servidor_Red.png 700w, https:\/\/camarasycompus.com\/wp-content\/uploads\/2025\/08\/Servidor_Red-300x300.png 300w, https:\/\/camarasycompus.com\/wp-content\/uploads\/2025\/08\/Servidor_Red-150x150.png 150w\" sizes=\"(max-width: 700px) 100vw, 700px\" \/><\/figure><div class=\"elementor-image-box-content\"><h3 class=\"elementor-image-box-title\">Equipo de c\u00f3mputo y perif\u00e9ricos<\/h3><p class=\"elementor-image-box-description\">* Computadoras (AIO, torre)<br>* Laptops<br>* Servidores de red<\/p><\/div><\/div>\t\t\t\t<\/div>\n\t\t\t\t<div class=\"elementor-element elementor-element-31cc443d elementor-widget elementor-widget-button\" data-id=\"31cc443d\" data-element_type=\"widget\" data-widget_type=\"button.default\">\n\t\t\t\t\t\t\t\t\t\t<a class=\"elementor-button elementor-size-sm\" role=\"button\">\n\t\t\t\t\t\t<span class=\"elementor-button-content-wrapper\">\n\t\t\t\t\t\t\t\t\t<span class=\"elementor-button-text\">.<\/span>\n\t\t\t\t\t<\/span>\n\t\t\t\t\t<\/a>\n\t\t\t\t\t\t\t\t<\/div>\n\t\t\t\t<\/div>\n\t\t\t\t<\/div>\n\t\t\t\t<\/div>\n\t\t\t\t<\/div>\n\t\t<div class=\"elementor-element elementor-element-723a6a9b e-con-full e-flex e-con e-parent\" data-id=\"723a6a9b\" data-element_type=\"container\">\n\t\t\t\t<div class=\"elementor-element elementor-element-539fdbf8 elementor-widget elementor-widget-heading\" data-id=\"539fdbf8\" data-element_type=\"widget\" data-widget_type=\"heading.default\">\n\t\t\t\t\t<h2 class=\"elementor-heading-title elementor-size-default\">Algunos de los giros de negocios que hemos trabajado<\/h2>\t\t\t\t<\/div>\n\t\t<div class=\"elementor-element elementor-element-692bac71 e-con-full e-flex e-con e-child\" data-id=\"692bac71\" data-element_type=\"container\">\n\t\t\t\t<div class=\"elementor-element elementor-element-35558129 elementor-widget-tablet__width-initial elementor-widget-mobile__width-inherit elementor-widget__width-initial elementor-view-default elementor-position-top elementor-mobile-position-top elementor-widget elementor-widget-icon-box\" data-id=\"35558129\" data-element_type=\"widget\" data-widget_type=\"icon-box.default\">\n\t\t\t\t\t\t\t<div class=\"elementor-icon-box-wrapper\">\n\n\t\t\t\t\t\t<div class=\"elementor-icon-box-icon\">\n\t\t\t\t<span  class=\"elementor-icon\">\n\t\t\t\t<svg xmlns=\"http:\/\/www.w3.org\/2000\/svg\" id=\"b7c055ea-7d09-4386-a4f3-1f482275428d\" data-name=\"Layer 1\" width=\"33.5059\" height=\"36.5935\" viewBox=\"0 0 33.5059 36.5935\"><path d=\"M33.5926,19.3865C31.1855,9.2723,24.6033,8.8716,22.71,8.28a3.6772,3.6772,0,0,1-2.8884-4.1326A6.4161,6.4161,0,0,1,20.735.6586,8.803,8.803,0,0,0,17.58.04l0-.0184c-.0644.0018-.1211.0067-.1838.0092-.0648-.0026-.1234-.0076-.19-.0095l-.0005.019A8.8036,8.8036,0,0,0,14.05.6589a6.4161,6.4161,0,0,1,.9137,3.4883A3.6772,3.6772,0,0,1,12.075,8.28c-1.8937.5921-8.4758.9928-10.8829,11.107S4.7846,33,8.7227,35.3963c3.3069,2.0121,6.4529,1.0085,8.6705.6523,2.2175.3564,5.3627,1.359,8.6688-.6526C30,33,36,29.5007,33.5926,19.3865Z\" transform=\"translate(-0.6394 -0.0217)\"><\/path><\/svg>\t\t\t\t<\/span>\n\t\t\t<\/div>\n\t\t\t\n\t\t\t\t\t\t<div class=\"elementor-icon-box-content\">\n\n\t\t\t\t\t\t\t\t\t<h3 class=\"elementor-icon-box-title\">\n\t\t\t\t\t\t<span  >\n\t\t\t\t\t\t\tResidencial \/ pymes\t\t\t\t\t\t<\/span>\n\t\t\t\t\t<\/h3>\n\t\t\t\t\n\t\t\t\t\t\t\t\t\t<p class=\"elementor-icon-box-description\">\n\t\t\t\t\t\tDVR o NVR desde 4, 8 o 16 c\u00e1maras, equipos an\u00e1logos o de ip. Tambi\u00e9n c\u00e1maras Wifi\t\t\t\t\t<\/p>\n\t\t\t\t\n\t\t\t<\/div>\n\t\t\t\n\t\t<\/div>\n\t\t\t\t\t\t<\/div>\n\t\t\t\t<div class=\"elementor-element elementor-element-71acd4b4 elementor-widget-tablet__width-initial elementor-widget-mobile__width-inherit elementor-view-default elementor-position-top elementor-mobile-position-top elementor-widget elementor-widget-icon-box\" data-id=\"71acd4b4\" data-element_type=\"widget\" data-widget_type=\"icon-box.default\">\n\t\t\t\t\t\t\t<div class=\"elementor-icon-box-wrapper\">\n\n\t\t\t\t\t\t<div class=\"elementor-icon-box-icon\">\n\t\t\t\t<span  class=\"elementor-icon\">\n\t\t\t\t<svg xmlns=\"http:\/\/www.w3.org\/2000\/svg\" id=\"b618cfea-1373-4e71-9eb4-7383db7a74dd\" data-name=\"Layer 1\" width=\"20.5328\" height=\"42.3911\" viewBox=\"0 0 20.5328 42.3911\"><path d=\"M20.3311,13.0129c-1.6691-7.987-3.3548-8.5219-5.7946-9.2523s-2.44-1.2174-2.44-1.9479.9149-.974.9149-1.2174c0-.1948-.2033-.2435-.305-.2435H7.826c-.1016,0-.3049.0487-.3049.2435,0,.2434.9149.487.9149,1.2174s0,1.2174-2.44,1.9479S1.8707,5.0259.2017,13.0129,7.826,25.4306,5.9962,33.222c-.2019.86-2.4636,5.278-1.83,7.0611.4928,1.3862,1.5924,2.2035,4.5755,2.4083v.0265c.427.0155.8222.022,1.2033.0244.1022.0015.2154,0,.3212,0s.2189.0015.3211,0c.3811-.0024.7763-.0089,1.2033-.0244v-.0264c2.9832-.2049,4.0828-1.0222,4.5756-2.4084C17,38.5,14.7384,34.0816,14.5365,33.222,12.7067,25.4306,22,21,20.3311,13.0129Z\" transform=\"translate(0 -0.3518)\"><\/path><\/svg>\t\t\t\t<\/span>\n\t\t\t<\/div>\n\t\t\t\n\t\t\t\t\t\t<div class=\"elementor-icon-box-content\">\n\n\t\t\t\t\t\t\t\t\t<h3 class=\"elementor-icon-box-title\">\n\t\t\t\t\t\t<span  >\n\t\t\t\t\t\t\tEscuelas\t\t\t\t\t\t<\/span>\n\t\t\t\t\t<\/h3>\n\t\t\t\t\n\t\t\t\t\t\t\t\t\t<p class=\"elementor-icon-box-description\">\n\t\t\t\t\t\tControles de acceso para personal e invitados\t\t\t\t\t<\/p>\n\t\t\t\t\n\t\t\t<\/div>\n\t\t\t\n\t\t<\/div>\n\t\t\t\t\t\t<\/div>\n\t\t\t\t<div class=\"elementor-element elementor-element-1421db92 elementor-widget-tablet__width-initial elementor-widget-mobile__width-inherit elementor-view-default elementor-position-top elementor-mobile-position-top elementor-widget elementor-widget-icon-box\" data-id=\"1421db92\" data-element_type=\"widget\" data-widget_type=\"icon-box.default\">\n\t\t\t\t\t\t\t<div class=\"elementor-icon-box-wrapper\">\n\n\t\t\t\t\t\t<div class=\"elementor-icon-box-icon\">\n\t\t\t\t<span  class=\"elementor-icon\">\n\t\t\t\t<svg xmlns=\"http:\/\/www.w3.org\/2000\/svg\" id=\"a050e0bd-2cd3-4eec-92de-5ba4d903b986\" data-name=\"Layer 1\" width=\"39.2266\" height=\"38.2318\" viewBox=\"0 0 39.2266 38.2318\"><path d=\"M15,17H40.0554c-.0174-1.3642-.0551-2.7086-.1141-4H15Z\" transform=\"translate(-0.8398 -0.2681)\"><\/path><path d=\"M22,11V.2773C13.1447.3739,3.8128,1.1869,3,2c-.49.49-1.0867,4.1814-1.5287,9H22Z\" transform=\"translate(-0.8398 -0.2681)\"><\/path><path d=\"M38,2C36.749.749,30.7171.2805,24,.2681V11H39.83C39.5292,6.4884,38.9343,2.9343,38,2Z\" transform=\"translate(-0.8398 -0.2681)\"><\/path><path d=\"M3,37c1.8269.9133,8.7637,1.41,16,1.4887V20H.9131C.6467,28.0811,1.055,36.0275,3,37Z\" transform=\"translate(-0.8398 -0.2681)\"><\/path><path d=\"M21,19v6H34a1,1,0,0,1,1,1V37.8077A7.7331,7.7331,0,0,0,38,37c1.2949-1.036,2.0532-9.5833,2.0666-18Z\" transform=\"translate(-0.8398 -0.2681)\"><\/path><path d=\"M21,38.5c4.4148.0015,8.7767-.1517,12-.4595V27H21Z\" transform=\"translate(-0.8398 -0.2681)\"><\/path><path d=\"M13,13H1.3019c-.1248,1.6039-.2307,3.2923-.31,5H13Z\" transform=\"translate(-0.8398 -0.2681)\"><\/path><\/svg>\t\t\t\t<\/span>\n\t\t\t<\/div>\n\t\t\t\n\t\t\t\t\t\t<div class=\"elementor-icon-box-content\">\n\n\t\t\t\t\t\t\t\t\t<h3 class=\"elementor-icon-box-title\">\n\t\t\t\t\t\t<span  >\n\t\t\t\t\t\t\tJoyer\u00edas\t\t\t\t\t\t<\/span>\n\t\t\t\t\t<\/h3>\n\t\t\t\t\n\t\t\t\t\t\t\t\t\t<p class=\"elementor-icon-box-description\">\n\t\t\t\t\t\tCon mas de tres sucursales y mas de 20 c\u00e1mras cada una\t\t\t\t\t<\/p>\n\t\t\t\t\n\t\t\t<\/div>\n\t\t\t\n\t\t<\/div>\n\t\t\t\t\t\t<\/div>\n\t\t\t\t<div class=\"elementor-element elementor-element-52c83cb7 elementor-widget-tablet__width-initial elementor-widget-mobile__width-inherit elementor-view-default elementor-position-top elementor-mobile-position-top elementor-widget elementor-widget-icon-box\" data-id=\"52c83cb7\" data-element_type=\"widget\" data-widget_type=\"icon-box.default\">\n\t\t\t\t\t\t\t<div class=\"elementor-icon-box-wrapper\">\n\n\t\t\t\t\t\t<div class=\"elementor-icon-box-icon\">\n\t\t\t\t<span  class=\"elementor-icon\">\n\t\t\t\t<svg xmlns=\"http:\/\/www.w3.org\/2000\/svg\" id=\"b44af096-b965-4b51-aa32-e961e4657d6b\" data-name=\"Layer 1\" width=\"38.8249\" height=\"39.3569\" viewBox=\"0 0 38.8249 39.3569\"><path d=\"M12.8964,28.5434v2.83H33.1791v-2.83c3.5453,0,4.5452-2.5,4.602-3.75,0,0,2.7187-16.294,0-20.794S10.5,0,8.124,4s-.1364,17.7942,0,20.794S11.1919,28.5434,12.8964,28.5434Z\" transform=\"translate(-3.6758 -0.8093)\"><\/path><path d=\"M41.7014,33.3637a5.66,5.66,0,0,0-2.3556-.4907H17.7633c-5.2379.1545-9.854.3439-11.9779.4357A1.7662,1.7662,0,0,0,4.13,34.5533c-.4407,1.4786-.909,3.9309.4144,4.9463,1.732,1.3288,29.5546.3033,35.8829.0519a1.7666,1.7666,0,0,0,1.6736-1.28C42.5008,36.8171,42.9,34.4541,41.7014,33.3637Z\" transform=\"translate(-3.6758 -0.8093)\"><\/path><\/svg>\t\t\t\t<\/span>\n\t\t\t<\/div>\n\t\t\t\n\t\t\t\t\t\t<div class=\"elementor-icon-box-content\">\n\n\t\t\t\t\t\t\t\t\t<h3 class=\"elementor-icon-box-title\">\n\t\t\t\t\t\t<span  >\n\t\t\t\t\t\t\tMaquiladoras\t\t\t\t\t\t<\/span>\n\t\t\t\t\t<\/h3>\n\t\t\t\t\n\t\t\t\t\t\t\t\t\t<p class=\"elementor-icon-box-description\">\n\t\t\t\t\t\tCon varias maquiladoras\ncon mas de 70 c\u00e1maras cada una\t\t\t\t\t<\/p>\n\t\t\t\t\n\t\t\t<\/div>\n\t\t\t\n\t\t<\/div>\n\t\t\t\t\t\t<\/div>\n\t\t\t\t<\/div>\n\t\t\t\t<\/div>\n\t\t<div class=\"elementor-element elementor-element-302432ad e-con-full e-flex e-con e-parent\" data-id=\"302432ad\" data-element_type=\"container\">\n\t\t\t\t<div class=\"elementor-element elementor-element-2ab55567 elementor-widget elementor-widget-heading\" data-id=\"2ab55567\" data-element_type=\"widget\" data-widget_type=\"heading.default\">\n\t\t\t\t\t<span class=\"elementor-heading-title elementor-size-default\">Paneles solares\n<\/span>\t\t\t\t<\/div>\n\t\t\t\t<div class=\"elementor-element elementor-element-26cc511c elementor-widget elementor-widget-image-carousel\" data-id=\"26cc511c\" data-element_type=\"widget\" data-settings=\"{&quot;slides_to_show&quot;:&quot;4&quot;,&quot;slides_to_scroll&quot;:&quot;1&quot;,&quot;navigation&quot;:&quot;none&quot;,&quot;pause_on_hover&quot;:&quot;no&quot;,&quot;pause_on_interaction&quot;:&quot;no&quot;,&quot;slides_to_show_mobile&quot;:&quot;3&quot;,&quot;autoplay&quot;:&quot;yes&quot;,&quot;autoplay_speed&quot;:5000,&quot;infinite&quot;:&quot;yes&quot;,&quot;speed&quot;:500,&quot;image_spacing_custom&quot;:{&quot;unit&quot;:&quot;px&quot;,&quot;size&quot;:20,&quot;sizes&quot;:[]},&quot;image_spacing_custom_tablet&quot;:{&quot;unit&quot;:&quot;px&quot;,&quot;size&quot;:&quot;&quot;,&quot;sizes&quot;:[]},&quot;image_spacing_custom_mobile&quot;:{&quot;unit&quot;:&quot;px&quot;,&quot;size&quot;:&quot;&quot;,&quot;sizes&quot;:[]}}\" data-widget_type=\"image-carousel.default\">\n\t\t\t\t\t\t\t<div class=\"elementor-image-carousel-wrapper swiper\" role=\"region\" aria-roledescription=\"carousel\" aria-label=\"Carrusel de im\u00e1genes\" dir=\"ltr\">\n\t\t\t<div class=\"elementor-image-carousel swiper-wrapper\" aria-live=\"off\">\n\t\t\t\t\t\t\t\t<div class=\"swiper-slide\" role=\"group\" aria-roledescription=\"slide\" aria-label=\"1 de 5\"><figure class=\"swiper-slide-inner\"><img decoding=\"async\" class=\"swiper-slide-image\" src=\"https:\/\/camarasycompus.com\/wp-content\/uploads\/2025\/08\/Imagen_Paneles_solares_2-1.png\" alt=\"Imagen_Paneles_solares_2\" \/><\/figure><\/div><div class=\"swiper-slide\" role=\"group\" aria-roledescription=\"slide\" aria-label=\"2 de 5\"><figure class=\"swiper-slide-inner\"><img decoding=\"async\" class=\"swiper-slide-image\" src=\"https:\/\/camarasycompus.com\/wp-content\/uploads\/2025\/08\/Paneles_1png.png\" alt=\"Paneles_1png\" \/><\/figure><\/div><div class=\"swiper-slide\" role=\"group\" aria-roledescription=\"slide\" aria-label=\"3 de 5\"><figure class=\"swiper-slide-inner\"><img decoding=\"async\" class=\"swiper-slide-image\" src=\"https:\/\/camarasycompus.com\/wp-content\/uploads\/2025\/08\/Inversor_1png.png\" alt=\"Inversor_1png\" \/><\/figure><\/div><div class=\"swiper-slide\" role=\"group\" aria-roledescription=\"slide\" aria-label=\"4 de 5\"><figure class=\"swiper-slide-inner\"><img decoding=\"async\" class=\"swiper-slide-image\" src=\"https:\/\/camarasycompus.com\/wp-content\/uploads\/2025\/08\/Panel_3.png\" alt=\"Panel_3\" \/><\/figure><\/div><div class=\"swiper-slide\" role=\"group\" aria-roledescription=\"slide\" aria-label=\"5 de 5\"><figure class=\"swiper-slide-inner\"><img decoding=\"async\" class=\"swiper-slide-image\" src=\"https:\/\/camarasycompus.com\/wp-content\/uploads\/2025\/08\/Paneles_instalacion.png\" alt=\"Paneles_instalaci\u00f3n\" \/><\/figure><\/div>\t\t\t<\/div>\n\t\t\t\t\t\t\t\n\t\t\t\t\t\t\t\t\t<\/div>\n\t\t\t\t\t\t<\/div>\n\t\t\t\t<\/div>\n\t\t<div class=\"elementor-element elementor-element-1008eb2 e-con-full e-flex e-con e-parent\" data-id=\"1008eb2\" data-element_type=\"container\" data-settings=\"{&quot;background_background&quot;:&quot;classic&quot;}\">\n\t\t\t\t<div class=\"elementor-element elementor-element-6961da1a elementor-widget elementor-widget-heading\" data-id=\"6961da1a\" data-element_type=\"widget\" data-widget_type=\"heading.default\">\n\t\t\t\t\t<h2 class=\"elementor-heading-title elementor-size-default\">Cont\u00e1ctanos!<\/h2>\t\t\t\t<\/div>\n\t\t\t\t<div class=\"elementor-element elementor-element-7e3eef6 elementor-widget elementor-widget-text-editor\" data-id=\"7e3eef6\" data-element_type=\"widget\" data-widget_type=\"text-editor.default\">\n\t\t\t\t\t\t\t\t\t<p>Mail.- daniel@camarasycompus.com<\/p><p>Tel &#8211; 81-1840-3600<\/p>\t\t\t\t\t\t\t\t<\/div>\n\t\t<div class=\"elementor-element elementor-element-6133b82b e-con-full e-flex e-con e-child\" data-id=\"6133b82b\" data-element_type=\"container\">\n\t\t<div class=\"elementor-element elementor-element-48145520 e-con-full e-flex e-con e-child\" data-id=\"48145520\" data-element_type=\"container\">\n\t\t\t\t<div class=\"elementor-element elementor-element-2a49db58 elementor-invisible elementor-widget elementor-widget-button\" data-id=\"2a49db58\" data-element_type=\"widget\" data-settings=\"{&quot;_animation&quot;:&quot;fadeInDown&quot;}\" data-widget_type=\"button.default\">\n\t\t\t\t\t\t\t\t\t\t<a class=\"elementor-button elementor-size-sm elementor-animation-sink\" role=\"button\">\n\t\t\t\t\t\t<span class=\"elementor-button-content-wrapper\">\n\t\t\t\t\t\t\t\t\t<span class=\"elementor-button-text\">Versi\u00f3n 1.0.1<\/span>\n\t\t\t\t\t<\/span>\n\t\t\t\t\t<\/a>\n\t\t\t\t\t\t\t\t<\/div>\n\t\t\t\t<\/div>\n\t\t\t\t<\/div>\n\t\t\t\t<\/div>\n\t\t<div class=\"elementor-element elementor-element-4a3e5f6 e-flex e-con-boxed e-con e-parent\" data-id=\"4a3e5f6\" data-element_type=\"container\">\n\t\t\t\t\t<div class=\"e-con-inner\">\n\t\t\t\t\t<\/div>\n\t\t\t\t<\/div>\n\t\t<div class=\"elementor-element elementor-element-e283c36 e-flex e-con-boxed e-con e-parent\" data-id=\"e283c36\" data-element_type=\"container\">\n\t\t\t\t\t<div class=\"e-con-inner\">\n\t\t\t\t\t<\/div>\n\t\t\t\t<\/div>\n\t\t\t\t<\/div>\n\t\t","protected":false},"excerpt":{"rendered":"<p>Somos una empresa de Tecnolog\u00edas de la Informaci\u00f3n Buscamos darte soluciones a tus necesitades de T.I. conforme a tu presupuesto y las opciones del mercado que manejamos Con\u00f3cenos ! Otros productos Cont\u00e1ctanos ! 81 1840 3600 Conectividad * Cableado estructurado* Fibra \u00f3ptica* WiFi* Access Point* Swiches* Routers . Control de acceso * Control de acceso [&hellip;]<\/p>\n","protected":false},"author":1,"featured_media":0,"parent":0,"menu_order":0,"comment_status":"closed","ping_status":"closed","template":"elementor_header_footer","meta":{"footnotes":""},"class_list":["post-112","page","type-page","status-publish","hentry"],"_links":{"self":[{"href":"https:\/\/camarasycompus.com\/index.php\/wp-json\/wp\/v2\/pages\/112","targetHints":{"allow":["GET"]}}],"collection":[{"href":"https:\/\/camarasycompus.com\/index.php\/wp-json\/wp\/v2\/pages"}],"about":[{"href":"https:\/\/camarasycompus.com\/index.php\/wp-json\/wp\/v2\/types\/page"}],"author":[{"embeddable":true,"href":"https:\/\/camarasycompus.com\/index.php\/wp-json\/wp\/v2\/users\/1"}],"replies":[{"embeddable":true,"href":"https:\/\/camarasycompus.com\/index.php\/wp-json\/wp\/v2\/comments?post=112"}],"version-history":[{"count":34,"href":"https:\/\/camarasycompus.com\/index.php\/wp-json\/wp\/v2\/pages\/112\/revisions"}],"predecessor-version":[{"id":218,"href":"https:\/\/camarasycompus.com\/index.php\/wp-json\/wp\/v2\/pages\/112\/revisions\/218"}],"wp:attachment":[{"href":"https:\/\/camarasycompus.com\/index.php\/wp-json\/wp\/v2\/media?parent=112"}],"curies":[{"name":"wp","href":"https:\/\/api.w.org\/{rel}","templated":true}]}}